{"id":39,"date":"2015-09-09T23:55:32","date_gmt":"2015-09-10T02:55:32","guid":{"rendered":"http:\/\/faju.esy.es\/wordpress\/?page_id=39"},"modified":"2015-09-09T23:55:32","modified_gmt":"2015-09-10T02:55:32","slug":"ijf","status":"publish","type":"page","link":"https:\/\/faju.com.br\/wp\/ijf\/","title":{"rendered":"IJF"},"content":{"rendered":"<p style=\"text-align: justify;\" align=\"justify\">A Federa\u00e7\u00e3o Internacional de Jud\u00f4 \u00e9 a entidade internacional que regulamenta a pr\u00e1tica do jud\u00f4 em todo o mundo. Sua sede \u00e9 em Lausana na Su\u00ed\u00e7a.<\/p>\n<p>&nbsp;<\/p>\n<p style=\"text-align: justify;\" align=\"justify\">P\u00e1gina Oficial: <a href=\"http:\/\/www.ijf.org\/\" target=\"_blank\">http:\/\/www.ijf.org\/<\/a><\/p>\n<p>&nbsp;<br \/>\n<center><img loading=\"lazy\" decoding=\"async\" class=\" wp-image-56 aligncenter\" src=\"https:\/\/faju.com.br\/wp\/wp-content\/uploads\/2015\/09\/IJF_logo.png\" alt=\"IJF_logo\" width=\"300\" height=\"300\" srcset=\"https:\/\/faju.com.br\/wp\/wp-content\/uploads\/2015\/09\/IJF_logo.png 350w, https:\/\/faju.com.br\/wp\/wp-content\/uploads\/2015\/09\/IJF_logo-150x150.png 150w, https:\/\/faju.com.br\/wp\/wp-content\/uploads\/2015\/09\/IJF_logo-300x300.png 300w\" sizes=\"auto, (max-width: 300px) 100vw, 300px\" \/><\/center><\/p>\n","protected":false},"excerpt":{"rendered":"<p>A Federa\u00e7\u00e3o Internacional de Jud\u00f4 \u00e9 a entidade internacional que regulamenta a pr\u00e1tica do jud\u00f4 em todo o mundo. Sua<\/p>\n","protected":false},"author":1,"featured_media":0,"parent":0,"menu_order":0,"comment_status":"closed","ping_status":"closed","template":"","meta":{"_monsterinsights_skip_tracking":false,"_monsterinsights_sitenote_active":false,"_monsterinsights_sitenote_note":"","_monsterinsights_sitenote_category":0,"footnotes":""},"class_list":["post-39","page","type-page","status-publish","hentry"],"_links":{"self":[{"href":"https:\/\/faju.com.br\/wp\/wp-json\/wp\/v2\/pages\/39","targetHints":{"allow":["GET"]}}],"collection":[{"href":"https:\/\/faju.com.br\/wp\/wp-json\/wp\/v2\/pages"}],"about":[{"href":"https:\/\/faju.com.br\/wp\/wp-json\/wp\/v2\/types\/page"}],"author":[{"embeddable":true,"href":"https:\/\/faju.com.br\/wp\/wp-json\/wp\/v2\/users\/1"}],"replies":[{"embeddable":true,"href":"https:\/\/faju.com.br\/wp\/wp-json\/wp\/v2\/comments?post=39"}],"version-history":[{"count":0,"href":"https:\/\/faju.com.br\/wp\/wp-json\/wp\/v2\/pages\/39\/revisions"}],"wp:attachment":[{"href":"https:\/\/faju.com.br\/wp\/wp-json\/wp\/v2\/media?parent=39"}],"curies":[{"name":"wp","href":"https:\/\/api.w.org\/{rel}","templated":true}]}}